{"id":5137,"date":"2019-02-21T01:12:19","date_gmt":"2019-02-21T01:12:19","guid":{"rendered":"https:\/\/www.botta.it\/?page_id=5137"},"modified":"2022-12-14T23:00:52","modified_gmt":"2022-12-14T22:00:52","slug":"conai","status":"publish","type":"page","link":"https:\/\/www.botta.it\/de\/conai\/","title":{"rendered":"CONAI"},"content":{"rendered":"\t\t<div data-elementor-type=\"wp-post\" data-elementor-id=\"5137\" class=\"elementor elementor-5137 elementor-4387\">\n\t\t\t\t\t\t\t\t\t<section class=\"elementor-section elementor-top-section elementor-element elementor-element-3852024 elementor-section-boxed elementor-section-height-default elementor-section-height-default\" data-id=\"3852024\" data-element_type=\"section\" data-settings=\"{&quot;background_background&quot;:&quot;classic&quot;}\">\n\t\t\t\t\t\t<div class=\"elementor-container elementor-column-gap-default\">\n\t\t\t\t\t<div class=\"elementor-column elementor-col-100 elementor-top-column elementor-element elementor-element-6a16b41\" data-id=\"6a16b41\" data-element_type=\"column\">\n\t\t\t<div class=\"elementor-widget-wrap elementor-element-populated\">\n\t\t\t\t\t\t\t\t<div class=\"elementor-element elementor-element-e48cb16 elementor-widget elementor-widget-heading\" data-id=\"e48cb16\" data-element_type=\"widget\" data-widget_type=\"heading.default\">\n\t\t\t\t<div class=\"elementor-widget-container\">\n\t\t\t<h1 class=\"elementor-heading-title elementor-size-default\">CONAI<\/h1>\t\t<\/div>\n\t\t\t\t<\/div>\n\t\t\t\t\t<\/div>\n\t\t<\/div>\n\t\t\t\t\t\t\t<\/div>\n\t\t<\/section>\n\t\t\t\t<section class=\"elementor-section elementor-top-section elementor-element elementor-element-306c8ab elementor-section-boxed elementor-section-height-default elementor-section-height-default\" data-id=\"306c8ab\" data-element_type=\"section\">\n\t\t\t\t\t\t<div class=\"elementor-container elementor-column-gap-default\">\n\t\t\t\t\t<div class=\"elementor-column elementor-col-100 elementor-top-column elementor-element elementor-element-3b909ee\" data-id=\"3b909ee\" data-element_type=\"column\">\n\t\t\t<div class=\"elementor-widget-wrap elementor-element-populated\">\n\t\t\t\t\t\t\t\t<div class=\"elementor-element elementor-element-786deee elementor-widget elementor-widget-breadcrumbs\" data-id=\"786deee\" data-element_type=\"widget\" data-widget_type=\"breadcrumbs.default\">\n\t\t\t\t<div class=\"elementor-widget-container\">\n\t\t\t<p id=\"breadcrumbs\"><span><span><a href=\"https:\/\/www.botta.it\/\">Home<\/a><\/span><\/span><\/p>\t\t<\/div>\n\t\t\t\t<\/div>\n\t\t\t\t\t<\/div>\n\t\t<\/div>\n\t\t\t\t\t\t\t<\/div>\n\t\t<\/section>\n\t\t\t\t<section class=\"elementor-section elementor-top-section elementor-element elementor-element-4384ea2 elementor-section-boxed elementor-section-height-default elementor-section-height-default\" data-id=\"4384ea2\" data-element_type=\"section\">\n\t\t\t\t\t\t<div class=\"elementor-container elementor-column-gap-default\">\n\t\t\t\t\t<div class=\"elementor-column elementor-col-50 elementor-top-column elementor-element elementor-element-9c5280d\" data-id=\"9c5280d\" data-element_type=\"column\">\n\t\t\t<div class=\"elementor-widget-wrap\">\n\t\t\t\t\t\t\t\t\t<\/div>\n\t\t<\/div>\n\t\t\t\t<div class=\"elementor-column elementor-col-50 elementor-top-column elementor-element elementor-element-fc10b84\" data-id=\"fc10b84\" data-element_type=\"column\">\n\t\t\t<div class=\"elementor-widget-wrap elementor-element-populated\">\n\t\t\t\t\t\t\t\t<div class=\"elementor-element elementor-element-710fd62 elementor-widget elementor-widget-text-editor\" data-id=\"710fd62\" data-element_type=\"widget\" data-widget_type=\"text-editor.default\">\n\t\t\t\t<div class=\"elementor-widget-container\">\n\t\t\t\t\t\t\t<p>Das National Consortium for Recovery and Recycling of Cellulose Packaging (<a href=\"http:\/\/www.conai.org\/chi-siamo\/\" target=\"_blank\" rel=\"noopener\">CONAI<\/a>) ist eine private gemeinn\u00fctzige Organisation.<\/p><p>Es ist mit \u00fcber 1,4 Millionen Abonnenten das gr\u00f6\u00dfte Konsortium Europas und besteht aus allen Herstellern und Nutzern von Verpackungen, um ein integriertes Managementsystem auf der Grundlage der Verwertung und des Recyclings von Verpackungsabf\u00e4llen einzuf\u00fchren.<\/p><p>Das CONAI-System integriert sich in die angeschlossenen Hersteller und Importeure von Verpackungen oder Rohstoffen, die f\u00fcr die Herstellung von Verpackungen verwendet werden. Ihr Gesch\u00e4ftsmodell basiert auf dem Prinzip der \u201cgeteilten Verantwortung\u201d, das die Einbeziehung aller Beteiligten der Abfallwirtschaft erfordert: Unternehmen, staatliche Verwaltung, Territorium und B\u00fcrger.<\/p><p>Ab dem 1. Januar 2018 tritt der neue Umweltbeitrag f\u00fcr Papierverpackungen in Kraft, der auf 10 \u20ac pro Tonne steigt.<br \/>Ab dem 1. Januar 2019 wird CONAI 20 \u20ac pro Tonne betragen.<\/p>\t\t\t\t\t\t<\/div>\n\t\t\t\t<\/div>\n\t\t\t\t\t<\/div>\n\t\t<\/div>\n\t\t\t\t\t\t\t<\/div>\n\t\t<\/section>\n\t\t\t\t<section class=\"elementor-section elementor-top-section elementor-element elementor-element-6d7f629 elementor-section-boxed elementor-section-height-default elementor-section-height-default\" data-id=\"6d7f629\" data-element_type=\"section\">\n\t\t\t\t\t\t<div class=\"elementor-container elementor-column-gap-default\">\n\t\t\t\t\t<div class=\"elementor-column elementor-col-100 elementor-top-column elementor-element elementor-element-0c9ec74\" data-id=\"0c9ec74\" data-element_type=\"column\">\n\t\t\t<div class=\"elementor-widget-wrap elementor-element-populated\">\n\t\t\t\t\t\t\t\t<div class=\"elementor-element elementor-element-f3cf2d2 elementor-widget elementor-widget-spacer\" data-id=\"f3cf2d2\" data-element_type=\"widget\" data-widget_type=\"spacer.default\">\n\t\t\t\t<div class=\"elementor-widget-container\">\n\t\t\t\t\t<div class=\"elementor-spacer\">\n\t\t\t<div class=\"elementor-spacer-inner\"><\/div>\n\t\t<\/div>\n\t\t\t\t<\/div>\n\t\t\t\t<\/div>\n\t\t\t\t\t<\/div>\n\t\t<\/div>\n\t\t\t\t\t\t\t<\/div>\n\t\t<\/section>\n\t\t\t\t\t\t\t<\/div>\n\t\t","protected":false},"excerpt":{"rendered":"<p>CONAI Das National Consortium for Recovery and Recycling of Cellulose Packaging (CONAI) ist eine private gemeinn\u00fctzige Organisation. Es ist mit \u00fcber 1,4 Millionen Abonnenten das gr\u00f6\u00dfte Konsortium Europas und besteht aus allen Herstellern und Nutzern von Verpackungen, um ein integriertes Managementsystem auf der Grundlage der Verwertung und des Recyclings von Verpackungsabf\u00e4llen einzuf\u00fchren. Das CONAI-System integriert &hellip;<\/p>\n<p class=\"read-more\"> <a class=\"\" href=\"https:\/\/www.botta.it\/de\/conai\/\"> <span class=\"screen-reader-text\">CONAI<\/span> Mehr lesen \u00bb<\/a><\/p>\n","protected":false},"author":1,"featured_media":0,"parent":0,"menu_order":0,"comment_status":"closed","ping_status":"closed","template":"elementor_header_footer","meta":{"om_disable_all_campaigns":false,"_monsterinsights_skip_tracking":false,"_monsterinsights_sitenote_active":false,"_monsterinsights_sitenote_note":"","_monsterinsights_sitenote_category":0,"site-sidebar-layout":"no-sidebar","site-content-layout":"page-builder","ast-global-header-display":"","ast-banner-title-visibility":"","ast-main-header-display":"","ast-hfb-above-header-display":"","ast-hfb-below-header-display":"","ast-hfb-mobile-header-display":"","site-post-title":"disabled","ast-breadcrumbs-content":"","ast-featured-img":"disabled","footer-sml-layout":"","theme-transparent-header-meta":"default","adv-header-id-meta":"","stick-header-meta":"","header-above-stick-meta":"","header-main-stick-meta":"","header-below-stick-meta":"","footnotes":""},"aioseo_notices":[],"yoast_head":"<!-- This site is optimized with the Yoast SEO Premium plugin v19.2.1 (Yoast SEO v21.9.1) - https:\/\/yoast.com\/wordpress\/plugins\/seo\/ -->\n<title>BOTTA PACKAGING \u00bb eco-packaging solutions - CONAI<\/title>\n<meta name=\"robots\" content=\"index, follow, max-snippet:-1, max-image-preview:large, max-video-preview:-1\" \/>\n<link rel=\"canonical\" href=\"https:\/\/www.botta.it\/de\/conai\/\" \/>\n<meta property=\"og:locale\" content=\"de_DE\" \/>\n<meta property=\"og:type\" content=\"article\" \/>\n<meta property=\"og:title\" content=\"CONAI\" \/>\n<meta property=\"og:description\" content=\"CONAI Das National Consortium for Recovery and Recycling of Cellulose Packaging (CONAI) ist eine private gemeinn\u00fctzige Organisation. Es ist mit \u00fcber 1,4 Millionen Abonnenten das gr\u00f6\u00dfte Konsortium Europas und besteht aus allen Herstellern und Nutzern von Verpackungen, um ein integriertes Managementsystem auf der Grundlage der Verwertung und des Recyclings von Verpackungsabf\u00e4llen einzuf\u00fchren. Das CONAI-System integriert &hellip; CONAI Mehr lesen \u00bb\" \/>\n<meta property=\"og:url\" content=\"https:\/\/www.botta.it\/de\/conai\/\" \/>\n<meta property=\"og:site_name\" content=\"BOTTA PACKAGING \u00bb eco-packaging solutions\" \/>\n<meta property=\"article:publisher\" content=\"https:\/\/www.facebook.com\/bottapackaging\/\" \/>\n<meta property=\"article:modified_time\" content=\"2022-12-14T22:00:52+00:00\" \/>\n<meta property=\"og:image\" content=\"https:\/\/www.botta.it\/wp-content\/uploads\/2021\/12\/Logo-RGB.png\" \/>\n\t<meta property=\"og:image:width\" content=\"1600\" \/>\n\t<meta property=\"og:image:height\" content=\"1043\" \/>\n\t<meta property=\"og:image:type\" content=\"image\/png\" \/>\n<meta name=\"twitter:card\" content=\"summary_large_image\" \/>\n<meta name=\"twitter:site\" content=\"@botta_box\" \/>\n<script type=\"application\/ld+json\" class=\"yoast-schema-graph\">{\"@context\":\"https:\/\/schema.org\",\"@graph\":[{\"@type\":\"WebPage\",\"@id\":\"https:\/\/www.botta.it\/de\/conai\/\",\"url\":\"https:\/\/www.botta.it\/de\/conai\/\",\"name\":\"BOTTA PACKAGING \u00bb eco-packaging solutions - CONAI\",\"isPartOf\":{\"@id\":\"https:\/\/www.botta.it\/#website\"},\"datePublished\":\"2019-02-21T01:12:19+00:00\",\"dateModified\":\"2022-12-14T22:00:52+00:00\",\"breadcrumb\":{\"@id\":\"https:\/\/www.botta.it\/de\/conai\/#breadcrumb\"},\"inLanguage\":\"de\",\"potentialAction\":[{\"@type\":\"ReadAction\",\"target\":[\"https:\/\/www.botta.it\/de\/conai\/\"]}]},{\"@type\":\"BreadcrumbList\",\"@id\":\"https:\/\/www.botta.it\/de\/conai\/#breadcrumb\",\"itemListElement\":[{\"@type\":\"ListItem\",\"position\":1,\"name\":\"Home\",\"item\":\"https:\/\/www.botta.it\/\"},{\"@type\":\"ListItem\",\"position\":2,\"name\":\"CONAI\"}]},{\"@type\":\"WebSite\",\"@id\":\"https:\/\/www.botta.it\/#website\",\"url\":\"https:\/\/www.botta.it\/\",\"name\":\"BOTTA PACKAGING \u00bb eco-packaging solutions\",\"description\":\"\u00d6kologische verpackungsl\u00f6sungen, wellpappe liefert, kartons, umschl\u00e4ge, airbags.\",\"publisher\":{\"@id\":\"https:\/\/www.botta.it\/#organization\"},\"potentialAction\":[{\"@type\":\"SearchAction\",\"target\":{\"@type\":\"EntryPoint\",\"urlTemplate\":\"https:\/\/www.botta.it\/?s={search_term_string}\"},\"query-input\":\"required name=search_term_string\"}],\"inLanguage\":\"de\"},{\"@type\":\"Organization\",\"@id\":\"https:\/\/www.botta.it\/#organization\",\"name\":\"BOTTA EcoPackaging\",\"url\":\"https:\/\/www.botta.it\/\",\"logo\":{\"@type\":\"ImageObject\",\"inLanguage\":\"de\",\"@id\":\"https:\/\/www.botta.it\/#\/schema\/logo\/image\/\",\"url\":\"https:\/\/www.botta.it\/wp-content\/uploads\/2021\/12\/Logo-RGB.png\",\"contentUrl\":\"https:\/\/www.botta.it\/wp-content\/uploads\/2021\/12\/Logo-RGB.png\",\"width\":1600,\"height\":1043,\"caption\":\"BOTTA EcoPackaging\"},\"image\":{\"@id\":\"https:\/\/www.botta.it\/#\/schema\/logo\/image\/\"},\"sameAs\":[\"https:\/\/www.facebook.com\/bottapackaging\/\",\"https:\/\/twitter.com\/botta_box\",\"https:\/\/www.instagram.com\/botta_box\/\",\"https:\/\/it.linkedin.com\/company\/botta-ecopackaging\",\"https:\/\/www.youtube.com\/channel\/UCLhT-tw_FsukJfrKi73c48Q\"]}]}<\/script>\n<!-- \/ Yoast SEO Premium plugin. -->","yoast_head_json":{"title":"BOTTA PACKAGING \u00bb eco-packaging solutions - CONAI","robots":{"index":"index","follow":"follow","max-snippet":"max-snippet:-1","max-image-preview":"max-image-preview:large","max-video-preview":"max-video-preview:-1"},"canonical":"https:\/\/www.botta.it\/de\/conai\/","og_locale":"de_DE","og_type":"article","og_title":"CONAI","og_description":"CONAI Das National Consortium for Recovery and Recycling of Cellulose Packaging (CONAI) ist eine private gemeinn\u00fctzige Organisation. Es ist mit \u00fcber 1,4 Millionen Abonnenten das gr\u00f6\u00dfte Konsortium Europas und besteht aus allen Herstellern und Nutzern von Verpackungen, um ein integriertes Managementsystem auf der Grundlage der Verwertung und des Recyclings von Verpackungsabf\u00e4llen einzuf\u00fchren. Das CONAI-System integriert &hellip; CONAI Mehr lesen \u00bb","og_url":"https:\/\/www.botta.it\/de\/conai\/","og_site_name":"BOTTA PACKAGING \u00bb eco-packaging solutions","article_publisher":"https:\/\/www.facebook.com\/bottapackaging\/","article_modified_time":"2022-12-14T22:00:52+00:00","og_image":[{"width":1600,"height":1043,"url":"https:\/\/www.botta.it\/wp-content\/uploads\/2021\/12\/Logo-RGB.png","type":"image\/png"}],"twitter_card":"summary_large_image","twitter_site":"@botta_box","schema":{"@context":"https:\/\/schema.org","@graph":[{"@type":"WebPage","@id":"https:\/\/www.botta.it\/de\/conai\/","url":"https:\/\/www.botta.it\/de\/conai\/","name":"BOTTA PACKAGING \u00bb eco-packaging solutions - CONAI","isPartOf":{"@id":"https:\/\/www.botta.it\/#website"},"datePublished":"2019-02-21T01:12:19+00:00","dateModified":"2022-12-14T22:00:52+00:00","breadcrumb":{"@id":"https:\/\/www.botta.it\/de\/conai\/#breadcrumb"},"inLanguage":"de","potentialAction":[{"@type":"ReadAction","target":["https:\/\/www.botta.it\/de\/conai\/"]}]},{"@type":"BreadcrumbList","@id":"https:\/\/www.botta.it\/de\/conai\/#breadcrumb","itemListElement":[{"@type":"ListItem","position":1,"name":"Home","item":"https:\/\/www.botta.it\/"},{"@type":"ListItem","position":2,"name":"CONAI"}]},{"@type":"WebSite","@id":"https:\/\/www.botta.it\/#website","url":"https:\/\/www.botta.it\/","name":"BOTTA PACKAGING \u00bb eco-packaging solutions","description":"\u00d6kologische verpackungsl\u00f6sungen, wellpappe liefert, kartons, umschl\u00e4ge, airbags.","publisher":{"@id":"https:\/\/www.botta.it\/#organization"},"potentialAction":[{"@type":"SearchAction","target":{"@type":"EntryPoint","urlTemplate":"https:\/\/www.botta.it\/?s={search_term_string}"},"query-input":"required name=search_term_string"}],"inLanguage":"de"},{"@type":"Organization","@id":"https:\/\/www.botta.it\/#organization","name":"BOTTA EcoPackaging","url":"https:\/\/www.botta.it\/","logo":{"@type":"ImageObject","inLanguage":"de","@id":"https:\/\/www.botta.it\/#\/schema\/logo\/image\/","url":"https:\/\/www.botta.it\/wp-content\/uploads\/2021\/12\/Logo-RGB.png","contentUrl":"https:\/\/www.botta.it\/wp-content\/uploads\/2021\/12\/Logo-RGB.png","width":1600,"height":1043,"caption":"BOTTA EcoPackaging"},"image":{"@id":"https:\/\/www.botta.it\/#\/schema\/logo\/image\/"},"sameAs":["https:\/\/www.facebook.com\/bottapackaging\/","https:\/\/twitter.com\/botta_box","https:\/\/www.instagram.com\/botta_box\/","https:\/\/it.linkedin.com\/company\/botta-ecopackaging","https:\/\/www.youtube.com\/channel\/UCLhT-tw_FsukJfrKi73c48Q"]}]}},"_links":{"self":[{"href":"https:\/\/www.botta.it\/de\/wp-json\/wp\/v2\/pages\/5137"}],"collection":[{"href":"https:\/\/www.botta.it\/de\/wp-json\/wp\/v2\/pages"}],"about":[{"href":"https:\/\/www.botta.it\/de\/wp-json\/wp\/v2\/types\/page"}],"author":[{"embeddable":true,"href":"https:\/\/www.botta.it\/de\/wp-json\/wp\/v2\/users\/1"}],"replies":[{"embeddable":true,"href":"https:\/\/www.botta.it\/de\/wp-json\/wp\/v2\/comments?post=5137"}],"version-history":[{"count":5,"href":"https:\/\/www.botta.it\/de\/wp-json\/wp\/v2\/pages\/5137\/revisions"}],"predecessor-version":[{"id":18762,"href":"https:\/\/www.botta.it\/de\/wp-json\/wp\/v2\/pages\/5137\/revisions\/18762"}],"wp:attachment":[{"href":"https:\/\/www.botta.it\/de\/wp-json\/wp\/v2\/media?parent=5137"}],"curies":[{"name":"wp","href":"https:\/\/api.w.org\/{rel}","templated":true}]}}