{"id":23204,"date":"2024-03-27T17:10:16","date_gmt":"2024-03-27T16:10:16","guid":{"rendered":"https:\/\/www.botta.it\/servizi\/iqrcode-main\/"},"modified":"2025-01-15T12:17:03","modified_gmt":"2025-01-15T11:17:03","slug":"iqrcode","status":"publish","type":"page","link":"https:\/\/www.botta.it\/de\/iqrcode\/","title":{"rendered":"iQRcode\u2122"},"content":{"rendered":"\t\t<div data-elementor-type=\"wp-page\" data-elementor-id=\"23204\" class=\"elementor elementor-23204 elementor-23189\">\n\t\t\t\t\t\t\t<div class=\"elementor-element elementor-element-a8e8e53 e-flex e-con-boxed e-con\" data-id=\"a8e8e53\" data-element_type=\"container\" data-settings=\"{&quot;content_width&quot;:&quot;boxed&quot;}\">\n\t\t\t\t\t<div class=\"e-con-inner\">\n\t\t<div class=\"elementor-element elementor-element-b073cf5 e-con-full e-flex e-con\" data-id=\"b073cf5\" data-element_type=\"container\" data-settings=\"{&quot;content_width&quot;:&quot;full&quot;}\">\n\t\t\t\t<div class=\"elementor-element elementor-element-cf3d0a6 elementor-headline--style-highlight elementor-widget elementor-widget-animated-headline\" data-id=\"cf3d0a6\" data-element_type=\"widget\" data-settings=\"{&quot;highlighted_text&quot;:&quot;iQRcode\\u2122&quot;,&quot;headline_style&quot;:&quot;highlight&quot;,&quot;marker&quot;:&quot;circle&quot;,&quot;loop&quot;:&quot;yes&quot;,&quot;highlight_animation_duration&quot;:1200,&quot;highlight_iteration_delay&quot;:8000}\" data-widget_type=\"animated-headline.default\">\n\t\t\t\t<div class=\"elementor-widget-container\">\n\t\t\t\t\t\t<a href=\"https:\/\/www.botta.it\/en\/iqrcode\/\">\n\n\t\t\t\t\t<h3 class=\"elementor-headline\">\n\t\t\t\t<span class=\"elementor-headline-dynamic-wrapper elementor-headline-text-wrapper\">\n\t\t\t\t\t<span class=\"elementor-headline-dynamic-text elementor-headline-text-active\">iQRcode\u2122<\/span>\n\t\t\t\t<\/span>\n\t\t\t\t\t<span class=\"elementor-headline-plain-text elementor-headline-text-wrapper\">: Die intelligente L\u00f6sung f\u00fcr Umweltkennzeichnung - EU-Konformit\u00e4t <\/span>\n\t\t\t\t\t<\/h3>\n\t\t<\/a>\t\t<\/div>\n\t\t\t\t<\/div>\n\t\t\t\t<\/div>\n\t\t<div class=\"elementor-element elementor-element-90ab6f1 e-con-full e-flex e-con\" data-id=\"90ab6f1\" data-element_type=\"container\" data-settings=\"{&quot;content_width&quot;:&quot;full&quot;}\">\n\t\t\t\t<div class=\"elementor-element elementor-element-233a448 elementor-widget elementor-widget-image\" data-id=\"233a448\" data-element_type=\"widget\" data-widget_type=\"image.default\">\n\t\t\t\t<div class=\"elementor-widget-container\">\n\t\t\t\t\t\t\t\t\t\t\t\t\t\t\t<img decoding=\"async\" width=\"975\" height=\"998\" src=\"https:\/\/www.botta.it\/wp-content\/uploads\/2024\/11\/Copy-of-iQRcode-PPT-Beauty.jpg\" class=\"attachment-large size-large wp-image-25461\" alt=\"\" srcset=\"https:\/\/www.botta.it\/wp-content\/uploads\/2024\/11\/Copy-of-iQRcode-PPT-Beauty.jpg 975w, https:\/\/www.botta.it\/wp-content\/uploads\/2024\/11\/Copy-of-iQRcode-PPT-Beauty-147x150.jpg 147w, https:\/\/www.botta.it\/wp-content\/uploads\/2024\/11\/Copy-of-iQRcode-PPT-Beauty-768x786.jpg 768w, https:\/\/www.botta.it\/wp-content\/uploads\/2024\/11\/Copy-of-iQRcode-PPT-Beauty-240x246.jpg 240w\" sizes=\"(max-width: 975px) 100vw, 975px\" \/>\t\t\t\t\t\t\t\t\t\t\t\t\t\t\t<\/div>\n\t\t\t\t<\/div>\n\t\t\t\t<\/div>\n\t\t\t\t\t<\/div>\n\t\t\t\t<\/div>\n\t\t<div class=\"elementor-element elementor-element-c7a76a2 e-flex e-con-boxed e-con\" data-id=\"c7a76a2\" data-element_type=\"container\" data-settings=\"{&quot;content_width&quot;:&quot;boxed&quot;}\">\n\t\t\t\t\t<div class=\"e-con-inner\">\n\t\t\t\t<div class=\"elementor-element elementor-element-b34c4a8 elementor-widget elementor-widget-spacer\" data-id=\"b34c4a8\" data-element_type=\"widget\" data-widget_type=\"spacer.default\">\n\t\t\t\t<div class=\"elementor-widget-container\">\n\t\t\t\t\t<div class=\"elementor-spacer\">\n\t\t\t<div class=\"elementor-spacer-inner\"><\/div>\n\t\t<\/div>\n\t\t\t\t<\/div>\n\t\t\t\t<\/div>\n\t\t\t\t\t<\/div>\n\t\t\t\t<\/div>\n\t\t<div class=\"elementor-element elementor-element-7d8a36a e-flex e-con-boxed e-con\" data-id=\"7d8a36a\" data-element_type=\"container\" data-settings=\"{&quot;content_width&quot;:&quot;boxed&quot;}\">\n\t\t\t\t\t<div class=\"e-con-inner\">\n\t\t<div class=\"elementor-element elementor-element-495239e e-con-full e-flex e-con\" data-id=\"495239e\" data-element_type=\"container\" data-settings=\"{&quot;content_width&quot;:&quot;full&quot;}\">\n\t\t\t\t<div class=\"elementor-element elementor-element-47f6d67 elementor-widget elementor-widget-text-editor\" data-id=\"47f6d67\" data-element_type=\"widget\" data-widget_type=\"text-editor.default\">\n\t\t\t\t<div class=\"elementor-widget-container\">\n\t\t\t\t\t\t\t<h1 style=\"text-align: center;\"><span style=\"color: #000000;\"><strong>GLOBALER IMPACT IN NUR <span style=\"color: #ff9900;\">2 JAHREN<\/span><\/strong><\/span><\/h1>\t\t\t\t\t\t<\/div>\n\t\t\t\t<\/div>\n\t\t\t\t<\/div>\n\t\t<div class=\"elementor-element elementor-element-ed6ebbb e-con-full e-flex e-con\" data-id=\"ed6ebbb\" data-element_type=\"container\" data-settings=\"{&quot;content_width&quot;:&quot;full&quot;}\">\n\t\t\t\t<div class=\"elementor-element elementor-element-523640d elementor-widget elementor-widget-counter\" data-id=\"523640d\" data-element_type=\"widget\" data-widget_type=\"counter.default\">\n\t\t\t\t<div class=\"elementor-widget-container\">\n\t\t\t\t\t<div class=\"elementor-counter\">\n\t\t\t<div class=\"elementor-counter-number-wrapper\">\n\t\t\t\t<span class=\"elementor-counter-number-prefix\"><\/span>\n\t\t\t\t<span class=\"elementor-counter-number\" data-duration=\"2000\" data-to-value=\"15000000\" data-from-value=\"0\" data-delimiter=\",\">0<\/span>\n\t\t\t\t<span class=\"elementor-counter-number-suffix\"><\/span>\n\t\t\t<\/div>\n\t\t\t\t\t\t\t<div class=\"elementor-counter-title\">iQRcodes\u2122 wurden in 105 L\u00e4ndern eingesetzt und haben sich als die bevorzugte L\u00f6sung f\u00fcr Kosmetikmarken bew\u00e4hrt, die Innovation und Konformit\u00e4t vereinen m\u00f6chten.<\/div>\n\t\t\t\t\t<\/div>\n\t\t\t\t<\/div>\n\t\t\t\t<\/div>\n\t\t\t\t<\/div>\n\t\t\t\t\t<\/div>\n\t\t\t\t<\/div>\n\t\t<div class=\"elementor-element elementor-element-0020678 e-flex e-con-boxed e-con\" data-id=\"0020678\" data-element_type=\"container\" data-settings=\"{&quot;content_width&quot;:&quot;boxed&quot;}\">\n\t\t\t\t\t<div class=\"e-con-inner\">\n\t\t\t\t<div class=\"elementor-element elementor-element-377434f elementor-widget elementor-widget-image\" data-id=\"377434f\" data-element_type=\"widget\" data-widget_type=\"image.default\">\n\t\t\t\t<div class=\"elementor-widget-container\">\n\t\t\t\t\t\t\t\t\t\t\t\t\t\t\t<img decoding=\"async\" width=\"1024\" height=\"512\" src=\"https:\/\/www.botta.it\/wp-content\/uploads\/2025\/01\/iqrcode-banner-German-1024x512.jpg\" class=\"attachment-large size-large wp-image-25892\" alt=\"\" srcset=\"https:\/\/www.botta.it\/wp-content\/uploads\/2025\/01\/iqrcode-banner-German-1024x512.jpg 1024w, https:\/\/www.botta.it\/wp-content\/uploads\/2025\/01\/iqrcode-banner-German-150x75.jpg 150w, https:\/\/www.botta.it\/wp-content\/uploads\/2025\/01\/iqrcode-banner-German-768x384.jpg 768w, https:\/\/www.botta.it\/wp-content\/uploads\/2025\/01\/iqrcode-banner-German-1536x768.jpg 1536w, https:\/\/www.botta.it\/wp-content\/uploads\/2025\/01\/iqrcode-banner-German-2048x1024.jpg 2048w, https:\/\/www.botta.it\/wp-content\/uploads\/2025\/01\/iqrcode-banner-German-240x120.jpg 240w\" sizes=\"(max-width: 1024px) 100vw, 1024px\" \/>\t\t\t\t\t\t\t\t\t\t\t\t\t\t\t<\/div>\n\t\t\t\t<\/div>\n\t\t\t\t\t<\/div>\n\t\t\t\t<\/div>\n\t\t<div class=\"elementor-element elementor-element-389e3b2 e-flex e-con-boxed e-con\" data-id=\"389e3b2\" data-element_type=\"container\" data-settings=\"{&quot;content_width&quot;:&quot;boxed&quot;}\">\n\t\t\t\t\t<div class=\"e-con-inner\">\n\t\t<div class=\"elementor-element elementor-element-ebbe7d2 e-con-full e-flex e-con\" data-id=\"ebbe7d2\" data-element_type=\"container\" data-settings=\"{&quot;content_width&quot;:&quot;full&quot;}\">\n\t\t\t\t<div class=\"elementor-element elementor-element-1c909b3 elementor-widget elementor-widget-text-editor\" data-id=\"1c909b3\" data-element_type=\"widget\" data-widget_type=\"text-editor.default\">\n\t\t\t\t<div class=\"elementor-widget-container\">\n\t\t\t\t\t\t\t<h1><strong><span style=\"color: #000000;\">Die wichtigsten Herausforderungen im Verpackungsbereich<\/span><\/strong><\/h1><ul><li><span style=\"color: #000000;\"><strong>Regulatorische Konformit\u00e4t:<\/strong> Verpflichtende Umweltkennzeichnung in Italien und Frankreich, mit weiteren L\u00e4ndern, die folgen werden.<\/span><\/li><li><span style=\"color: #000000;\"><strong>Digitaler Produktpass (DPP):<\/strong> Ab 2027 gem\u00e4\u00df der EU-\u00d6kodesign-Verordnung f\u00fcr nachhaltige Produkte (ESPR) erforderlich.<\/span><\/li><li><span style=\"color: #000000;\"><strong>\u00dcbergang der Barcodes:<\/strong> GS1 best\u00e4tigt den Wechsel von traditionellen Barcodes zu intelligenten 2D-Codes bis 2027.<\/span><\/li><li><span style=\"color: #000000;\"><strong>Begrenzter Platz auf der Verpackung:<\/strong> Zutatenlisten und Umweltkennzeichnungen reduzieren den Raum f\u00fcr Marketing und Branding.<\/span><\/li><\/ul>\t\t\t\t\t\t<\/div>\n\t\t\t\t<\/div>\n\t\t\t\t<\/div>\n\t\t<div class=\"elementor-element elementor-element-0685a5a e-con-full e-flex e-con\" data-id=\"0685a5a\" data-element_type=\"container\" data-settings=\"{&quot;content_width&quot;:&quot;full&quot;}\">\n\t\t\t\t<div class=\"elementor-element elementor-element-91842d5 elementor-widget elementor-widget-image\" data-id=\"91842d5\" data-element_type=\"widget\" data-widget_type=\"image.default\">\n\t\t\t\t<div class=\"elementor-widget-container\">\n\t\t\t\t\t\t\t\t\t\t\t\t\t\t\t<img decoding=\"async\" width=\"863\" height=\"1024\" src=\"https:\/\/www.botta.it\/wp-content\/uploads\/2024\/11\/Copy-of-iQRcode-PPT-Beauty-5-863x1024.png\" class=\"attachment-large size-large wp-image-25514\" alt=\"\" srcset=\"https:\/\/www.botta.it\/wp-content\/uploads\/2024\/11\/Copy-of-iQRcode-PPT-Beauty-5-863x1024.png 863w, https:\/\/www.botta.it\/wp-content\/uploads\/2024\/11\/Copy-of-iQRcode-PPT-Beauty-5-126x150.png 126w, https:\/\/www.botta.it\/wp-content\/uploads\/2024\/11\/Copy-of-iQRcode-PPT-Beauty-5-768x912.png 768w, https:\/\/www.botta.it\/wp-content\/uploads\/2024\/11\/Copy-of-iQRcode-PPT-Beauty-5-1294x1536.png 1294w, https:\/\/www.botta.it\/wp-content\/uploads\/2024\/11\/Copy-of-iQRcode-PPT-Beauty-5-240x285.png 240w, https:\/\/www.botta.it\/wp-content\/uploads\/2024\/11\/Copy-of-iQRcode-PPT-Beauty-5.png 1459w\" sizes=\"(max-width: 863px) 100vw, 863px\" \/>\t\t\t\t\t\t\t\t\t\t\t\t\t\t\t<\/div>\n\t\t\t\t<\/div>\n\t\t\t\t<\/div>\n\t\t\t\t\t<\/div>\n\t\t\t\t<\/div>\n\t\t<div class=\"elementor-element elementor-element-54f6637 e-flex e-con-boxed e-con\" data-id=\"54f6637\" data-element_type=\"container\" data-settings=\"{&quot;content_width&quot;:&quot;boxed&quot;}\">\n\t\t\t\t\t<div class=\"e-con-inner\">\n\t\t<div class=\"elementor-element elementor-element-ad9099f e-con-full e-flex e-con\" data-id=\"ad9099f\" data-element_type=\"container\" data-settings=\"{&quot;content_width&quot;:&quot;full&quot;}\">\n\t\t\t\t<div class=\"elementor-element elementor-element-153ea16 elementor-widget elementor-widget-image\" data-id=\"153ea16\" data-element_type=\"widget\" data-widget_type=\"image.default\">\n\t\t\t\t<div class=\"elementor-widget-container\">\n\t\t\t\t\t\t\t\t\t\t\t\t\t\t\t<img decoding=\"async\" width=\"1024\" height=\"846\" src=\"https:\/\/www.botta.it\/wp-content\/uploads\/2024\/11\/Copy-of-iQRcode-PPT-Beauty-1-2-1024x846.png\" class=\"attachment-large size-large wp-image-25522\" alt=\"\" srcset=\"https:\/\/www.botta.it\/wp-content\/uploads\/2024\/11\/Copy-of-iQRcode-PPT-Beauty-1-2-1024x846.png 1024w, https:\/\/www.botta.it\/wp-content\/uploads\/2024\/11\/Copy-of-iQRcode-PPT-Beauty-1-2-150x124.png 150w, https:\/\/www.botta.it\/wp-content\/uploads\/2024\/11\/Copy-of-iQRcode-PPT-Beauty-1-2-768x635.png 768w, https:\/\/www.botta.it\/wp-content\/uploads\/2024\/11\/Copy-of-iQRcode-PPT-Beauty-1-2-1536x1270.png 1536w, https:\/\/www.botta.it\/wp-content\/uploads\/2024\/11\/Copy-of-iQRcode-PPT-Beauty-1-2-2048x1693.png 2048w, https:\/\/www.botta.it\/wp-content\/uploads\/2024\/11\/Copy-of-iQRcode-PPT-Beauty-1-2-240x198.png 240w\" sizes=\"(max-width: 1024px) 100vw, 1024px\" \/>\t\t\t\t\t\t\t\t\t\t\t\t\t\t\t<\/div>\n\t\t\t\t<\/div>\n\t\t\t\t<\/div>\n\t\t<div class=\"elementor-element elementor-element-5181ab5 e-con-full e-flex e-con\" data-id=\"5181ab5\" data-element_type=\"container\" data-settings=\"{&quot;content_width&quot;:&quot;full&quot;}\">\n\t\t\t\t<div class=\"elementor-element elementor-element-cd892b6 elementor-widget elementor-widget-text-editor\" data-id=\"cd892b6\" data-element_type=\"widget\" data-widget_type=\"text-editor.default\">\n\t\t\t\t<div class=\"elementor-widget-container\">\n\t\t\t\t\t\t\t<h1><strong><span style=\"color: #000000;\">Einf\u00fchrung von iQRcode\u2122<\/span><\/strong><\/h1><h4><strong><span style=\"color: #000000;\">Wichtige Vorteile f\u00fcr Marken und Einzelh\u00e4ndler:<\/span><\/strong><\/h4><ul><li><span style=\"color: #000000;\">Automatische Einhaltung der EU-Vorschriften und Umweltkennzeichnungen<\/span><\/li><li><span style=\"color: #000000;\">Schafft Platz auf der Verpackung f\u00fcr Markenkommunikation und Marketing<\/span><\/li><li><span style=\"color: #000000;\">Konsolidiert die Recycling-Symbole Triman, Alu und Pap<\/span><\/li><li><span style=\"color: #000000;\">Unterst\u00fctzt den Digitalen Produktpass<\/span><\/li><li><span style=\"color: #000000;\">Ersetzt Barcodes durch intelligente 2D-Codes bis 2027<\/span><\/li><li><span style=\"color: #000000;\">Liefert wertvolle Datenanalysen und verbessert die Zug\u00e4nglichkeit<\/span><\/li><\/ul>\t\t\t\t\t\t<\/div>\n\t\t\t\t<\/div>\n\t\t\t\t<\/div>\n\t\t\t\t\t<\/div>\n\t\t\t\t<\/div>\n\t\t<div class=\"elementor-element elementor-element-66be889 e-flex e-con-boxed e-con\" data-id=\"66be889\" data-element_type=\"container\" data-settings=\"{&quot;content_width&quot;:&quot;boxed&quot;}\">\n\t\t\t\t\t<div class=\"e-con-inner\">\n\t\t\t\t<div class=\"elementor-element elementor-element-d264db8 elementor-align-center elementor-invisible elementor-widget elementor-widget-button\" data-id=\"d264db8\" data-element_type=\"widget\" data-settings=\"{&quot;_animation&quot;:&quot;bounce&quot;}\" data-widget_type=\"button.default\">\n\t\t\t\t<div class=\"elementor-widget-container\">\n\t\t\t\t\t<div class=\"elementor-button-wrapper\">\n\t\t\t<a class=\"elementor-button elementor-button-link elementor-size-xl\" href=\"https:\/\/www.botta.it\/de\/iqrcode-details\/\" target=\"_blank\">\n\t\t\t\t\t\t<span class=\"elementor-button-content-wrapper\">\n\t\t\t\t\t\t<span class=\"elementor-button-text\">Erleben Sie iQRcode\u2122!<\/span>\n\t\t<\/span>\n\t\t\t\t\t<\/a>\n\t\t<\/div>\n\t\t\t\t<\/div>\n\t\t\t\t<\/div>\n\t\t\t\t\t<\/div>\n\t\t\t\t<\/div>\n\t\t\t\t\t\t\t<\/div>\n\t\t","protected":false},"excerpt":{"rendered":"<p>&nbsp; iQRcode\u2122 : Die intelligente L\u00f6sung f\u00fcr Umweltkennzeichnung &#8211; EU-Konformit\u00e4t GLOBALER IMPACT IN NUR 2 JAHREN 0 iQRcodes\u2122 wurden in 105 L\u00e4ndern eingesetzt und haben sich als die bevorzugte L\u00f6sung f\u00fcr Kosmetikmarken bew\u00e4hrt, die Innovation und Konformit\u00e4t vereinen m\u00f6chten. Die wichtigsten Herausforderungen im Verpackungsbereich Regulatorische Konformit\u00e4t: Verpflichtende Umweltkennzeichnung in Italien und Frankreich, mit weiteren L\u00e4ndern, &hellip;<\/p>\n<p class=\"read-more\"> <a class=\"\" href=\"https:\/\/www.botta.it\/de\/iqrcode\/\"> <span class=\"screen-reader-text\">iQRcode\u2122<\/span> Mehr lesen \u00bb<\/a><\/p>\n","protected":false},"author":11,"featured_media":0,"parent":14823,"menu_order":0,"comment_status":"closed","ping_status":"closed","template":"","meta":{"om_disable_all_campaigns":false,"_monsterinsights_skip_tracking":false,"_monsterinsights_sitenote_active":false,"_monsterinsights_sitenote_note":"","_monsterinsights_sitenote_category":0,"site-sidebar-layout":"default","site-content-layout":"default","ast-global-header-display":"","ast-banner-title-visibility":"","ast-main-header-display":"","ast-hfb-above-header-display":"","ast-hfb-below-header-display":"","ast-hfb-mobile-header-display":"","site-post-title":"","ast-breadcrumbs-content":"","ast-featured-img":"","footer-sml-layout":"","theme-transparent-header-meta":"default","adv-header-id-meta":"","stick-header-meta":"","header-above-stick-meta":"","header-main-stick-meta":"","header-below-stick-meta":"","footnotes":""},"aioseo_notices":[],"yoast_head":"<!-- This site is optimized with the Yoast SEO Premium plugin v19.2.1 (Yoast SEO v21.9.1) - https:\/\/yoast.com\/wordpress\/plugins\/seo\/ -->\n<title>BOTTA PACKAGING \u00bb eco-verpackungsl\u00f6sungen - iQRcode\u2122<\/title>\n<meta name=\"robots\" content=\"index, follow, max-snippet:-1, max-image-preview:large, max-video-preview:-1\" \/>\n<link rel=\"canonical\" href=\"https:\/\/www.botta.it\/de\/iqrcode\/\" \/>\n<meta property=\"og:locale\" content=\"de_DE\" \/>\n<meta property=\"og:type\" content=\"article\" \/>\n<meta property=\"og:title\" content=\"iQRcode\u2122\" \/>\n<meta property=\"og:description\" content=\"&nbsp; iQRcode\u2122 : Die intelligente L\u00f6sung f\u00fcr Umweltkennzeichnung &#8211; EU-Konformit\u00e4t GLOBALER IMPACT IN NUR 2 JAHREN 0 iQRcodes\u2122 wurden in 105 L\u00e4ndern eingesetzt und haben sich als die bevorzugte L\u00f6sung f\u00fcr Kosmetikmarken bew\u00e4hrt, die Innovation und Konformit\u00e4t vereinen m\u00f6chten. Die wichtigsten Herausforderungen im Verpackungsbereich Regulatorische Konformit\u00e4t: Verpflichtende Umweltkennzeichnung in Italien und Frankreich, mit weiteren L\u00e4ndern, &hellip; iQRcode\u2122 Mehr lesen \u00bb\" \/>\n<meta property=\"og:url\" content=\"https:\/\/www.botta.it\/de\/iqrcode\/\" \/>\n<meta property=\"og:site_name\" content=\"BOTTA PACKAGING \u00bb eco-verpackungsl\u00f6sungen\" \/>\n<meta property=\"article:publisher\" content=\"https:\/\/www.facebook.com\/bottapackaging\/\" \/>\n<meta property=\"article:modified_time\" content=\"2025-01-15T11:17:03+00:00\" \/>\n<meta property=\"og:image\" content=\"https:\/\/www.botta.it\/wp-content\/uploads\/2024\/11\/Copy-of-iQRcode-PPT-Beauty.jpg\" \/>\n<meta name=\"twitter:card\" content=\"summary_large_image\" \/>\n<meta name=\"twitter:site\" content=\"@botta_box\" \/>\n<script type=\"application\/ld+json\" class=\"yoast-schema-graph\">{\"@context\":\"https:\/\/schema.org\",\"@graph\":[{\"@type\":\"WebPage\",\"@id\":\"https:\/\/www.botta.it\/de\/iqrcode\/\",\"url\":\"https:\/\/www.botta.it\/de\/iqrcode\/\",\"name\":\"BOTTA PACKAGING \u00bb eco-verpackungsl\u00f6sungen - iQRcode\u2122\",\"isPartOf\":{\"@id\":\"https:\/\/www.botta.it\/#website\"},\"datePublished\":\"2024-03-27T16:10:16+00:00\",\"dateModified\":\"2025-01-15T11:17:03+00:00\",\"breadcrumb\":{\"@id\":\"https:\/\/www.botta.it\/de\/iqrcode\/#breadcrumb\"},\"inLanguage\":\"de\",\"potentialAction\":[{\"@type\":\"ReadAction\",\"target\":[\"https:\/\/www.botta.it\/de\/iqrcode\/\"]}]},{\"@type\":\"BreadcrumbList\",\"@id\":\"https:\/\/www.botta.it\/de\/iqrcode\/#breadcrumb\",\"itemListElement\":[{\"@type\":\"ListItem\",\"position\":1,\"name\":\"Home\",\"item\":\"https:\/\/www.botta.it\/\"},{\"@type\":\"ListItem\",\"position\":2,\"name\":\"BEDIENUNG\",\"item\":\"https:\/\/www.botta.it\/de\/servizi\/\"},{\"@type\":\"ListItem\",\"position\":3,\"name\":\"iQRcode\u2122\"}]},{\"@type\":\"WebSite\",\"@id\":\"https:\/\/www.botta.it\/#website\",\"url\":\"https:\/\/www.botta.it\/\",\"name\":\"BOTTA PACKAGING \u00bb eco-verpackungsl\u00f6sungen\",\"description\":\"\u00d6kologische verpackungsl\u00f6sungen, wellpappe liefert, kartons, umschl\u00e4ge, airbags.\",\"publisher\":{\"@id\":\"https:\/\/www.botta.it\/#organization\"},\"potentialAction\":[{\"@type\":\"SearchAction\",\"target\":{\"@type\":\"EntryPoint\",\"urlTemplate\":\"https:\/\/www.botta.it\/?s={search_term_string}\"},\"query-input\":\"required name=search_term_string\"}],\"inLanguage\":\"de\"},{\"@type\":\"Organization\",\"@id\":\"https:\/\/www.botta.it\/#organization\",\"name\":\"BOTTA EcoPackaging\",\"url\":\"https:\/\/www.botta.it\/\",\"logo\":{\"@type\":\"ImageObject\",\"inLanguage\":\"de\",\"@id\":\"https:\/\/www.botta.it\/#\/schema\/logo\/image\/\",\"url\":\"https:\/\/www.botta.it\/wp-content\/uploads\/2021\/12\/Logo-RGB.png\",\"contentUrl\":\"https:\/\/www.botta.it\/wp-content\/uploads\/2021\/12\/Logo-RGB.png\",\"width\":1600,\"height\":1043,\"caption\":\"BOTTA EcoPackaging\"},\"image\":{\"@id\":\"https:\/\/www.botta.it\/#\/schema\/logo\/image\/\"},\"sameAs\":[\"https:\/\/www.facebook.com\/bottapackaging\/\",\"https:\/\/twitter.com\/botta_box\",\"https:\/\/www.instagram.com\/botta_box\/\",\"https:\/\/it.linkedin.com\/company\/botta-ecopackaging\",\"https:\/\/www.youtube.com\/channel\/UCLhT-tw_FsukJfrKi73c48Q\"]}]}<\/script>\n<!-- \/ Yoast SEO Premium plugin. -->","yoast_head_json":{"title":"BOTTA PACKAGING \u00bb eco-verpackungsl\u00f6sungen - iQRcode\u2122","robots":{"index":"index","follow":"follow","max-snippet":"max-snippet:-1","max-image-preview":"max-image-preview:large","max-video-preview":"max-video-preview:-1"},"canonical":"https:\/\/www.botta.it\/de\/iqrcode\/","og_locale":"de_DE","og_type":"article","og_title":"iQRcode\u2122","og_description":"&nbsp; iQRcode\u2122 : Die intelligente L\u00f6sung f\u00fcr Umweltkennzeichnung &#8211; EU-Konformit\u00e4t GLOBALER IMPACT IN NUR 2 JAHREN 0 iQRcodes\u2122 wurden in 105 L\u00e4ndern eingesetzt und haben sich als die bevorzugte L\u00f6sung f\u00fcr Kosmetikmarken bew\u00e4hrt, die Innovation und Konformit\u00e4t vereinen m\u00f6chten. Die wichtigsten Herausforderungen im Verpackungsbereich Regulatorische Konformit\u00e4t: Verpflichtende Umweltkennzeichnung in Italien und Frankreich, mit weiteren L\u00e4ndern, &hellip; iQRcode\u2122 Mehr lesen \u00bb","og_url":"https:\/\/www.botta.it\/de\/iqrcode\/","og_site_name":"BOTTA PACKAGING \u00bb eco-verpackungsl\u00f6sungen","article_publisher":"https:\/\/www.facebook.com\/bottapackaging\/","article_modified_time":"2025-01-15T11:17:03+00:00","og_image":[{"url":"https:\/\/www.botta.it\/wp-content\/uploads\/2024\/11\/Copy-of-iQRcode-PPT-Beauty.jpg"}],"twitter_card":"summary_large_image","twitter_site":"@botta_box","schema":{"@context":"https:\/\/schema.org","@graph":[{"@type":"WebPage","@id":"https:\/\/www.botta.it\/de\/iqrcode\/","url":"https:\/\/www.botta.it\/de\/iqrcode\/","name":"BOTTA PACKAGING \u00bb eco-verpackungsl\u00f6sungen - iQRcode\u2122","isPartOf":{"@id":"https:\/\/www.botta.it\/#website"},"datePublished":"2024-03-27T16:10:16+00:00","dateModified":"2025-01-15T11:17:03+00:00","breadcrumb":{"@id":"https:\/\/www.botta.it\/de\/iqrcode\/#breadcrumb"},"inLanguage":"de","potentialAction":[{"@type":"ReadAction","target":["https:\/\/www.botta.it\/de\/iqrcode\/"]}]},{"@type":"BreadcrumbList","@id":"https:\/\/www.botta.it\/de\/iqrcode\/#breadcrumb","itemListElement":[{"@type":"ListItem","position":1,"name":"Home","item":"https:\/\/www.botta.it\/"},{"@type":"ListItem","position":2,"name":"BEDIENUNG","item":"https:\/\/www.botta.it\/de\/servizi\/"},{"@type":"ListItem","position":3,"name":"iQRcode\u2122"}]},{"@type":"WebSite","@id":"https:\/\/www.botta.it\/#website","url":"https:\/\/www.botta.it\/","name":"BOTTA PACKAGING \u00bb eco-verpackungsl\u00f6sungen","description":"\u00d6kologische verpackungsl\u00f6sungen, wellpappe liefert, kartons, umschl\u00e4ge, airbags.","publisher":{"@id":"https:\/\/www.botta.it\/#organization"},"potentialAction":[{"@type":"SearchAction","target":{"@type":"EntryPoint","urlTemplate":"https:\/\/www.botta.it\/?s={search_term_string}"},"query-input":"required name=search_term_string"}],"inLanguage":"de"},{"@type":"Organization","@id":"https:\/\/www.botta.it\/#organization","name":"BOTTA EcoPackaging","url":"https:\/\/www.botta.it\/","logo":{"@type":"ImageObject","inLanguage":"de","@id":"https:\/\/www.botta.it\/#\/schema\/logo\/image\/","url":"https:\/\/www.botta.it\/wp-content\/uploads\/2021\/12\/Logo-RGB.png","contentUrl":"https:\/\/www.botta.it\/wp-content\/uploads\/2021\/12\/Logo-RGB.png","width":1600,"height":1043,"caption":"BOTTA EcoPackaging"},"image":{"@id":"https:\/\/www.botta.it\/#\/schema\/logo\/image\/"},"sameAs":["https:\/\/www.facebook.com\/bottapackaging\/","https:\/\/twitter.com\/botta_box","https:\/\/www.instagram.com\/botta_box\/","https:\/\/it.linkedin.com\/company\/botta-ecopackaging","https:\/\/www.youtube.com\/channel\/UCLhT-tw_FsukJfrKi73c48Q"]}]}},"_links":{"self":[{"href":"https:\/\/www.botta.it\/de\/wp-json\/wp\/v2\/pages\/23204"}],"collection":[{"href":"https:\/\/www.botta.it\/de\/wp-json\/wp\/v2\/pages"}],"about":[{"href":"https:\/\/www.botta.it\/de\/wp-json\/wp\/v2\/types\/page"}],"author":[{"embeddable":true,"href":"https:\/\/www.botta.it\/de\/wp-json\/wp\/v2\/users\/11"}],"replies":[{"embeddable":true,"href":"https:\/\/www.botta.it\/de\/wp-json\/wp\/v2\/comments?post=23204"}],"version-history":[{"count":23,"href":"https:\/\/www.botta.it\/de\/wp-json\/wp\/v2\/pages\/23204\/revisions"}],"predecessor-version":[{"id":25912,"href":"https:\/\/www.botta.it\/de\/wp-json\/wp\/v2\/pages\/23204\/revisions\/25912"}],"up":[{"embeddable":true,"href":"https:\/\/www.botta.it\/de\/wp-json\/wp\/v2\/pages\/14823"}],"wp:attachment":[{"href":"https:\/\/www.botta.it\/de\/wp-json\/wp\/v2\/media?parent=23204"}],"curies":[{"name":"wp","href":"https:\/\/api.w.org\/{rel}","templated":true}]}}