{"id":14823,"date":"2019-02-17T17:38:10","date_gmt":"2019-02-17T17:38:10","guid":{"rendered":"https:\/\/www.botta.it\/servizi\/"},"modified":"2025-09-08T17:49:18","modified_gmt":"2025-09-08T15:49:18","slug":"servizi","status":"publish","type":"page","link":"https:\/\/www.botta.it\/de\/servizi\/","title":{"rendered":"BEDIENUNG"},"content":{"rendered":"\t\t<div data-elementor-type=\"wp-page\" data-elementor-id=\"14823\" class=\"elementor elementor-14823 elementor-4968\">\n\t\t\t\t\t\t\t\t\t<section class=\"elementor-section elementor-top-section elementor-element elementor-element-28c941b elementor-section-boxed elementor-section-height-default elementor-section-height-default\" data-id=\"28c941b\" data-element_type=\"section\" data-settings=\"{&quot;background_background&quot;:&quot;classic&quot;}\">\n\t\t\t\t\t\t<div class=\"elementor-container elementor-column-gap-default\">\n\t\t\t\t\t<div class=\"elementor-column elementor-col-100 elementor-top-column elementor-element elementor-element-a0f51c2\" data-id=\"a0f51c2\" data-element_type=\"column\">\n\t\t\t<div class=\"elementor-widget-wrap elementor-element-populated\">\n\t\t\t\t\t\t\t\t<div class=\"elementor-element elementor-element-4c49e78 elementor-widget elementor-widget-heading\" data-id=\"4c49e78\" data-element_type=\"widget\" data-widget_type=\"heading.default\">\n\t\t\t\t<div class=\"elementor-widget-container\">\n\t\t\t<h1 class=\"elementor-heading-title elementor-size-default\">BEDIENUNG<\/h1>\t\t<\/div>\n\t\t\t\t<\/div>\n\t\t\t\t\t<\/div>\n\t\t<\/div>\n\t\t\t\t\t\t\t<\/div>\n\t\t<\/section>\n\t\t<div class=\"elementor-element elementor-element-4d2f7be e-flex e-con-boxed e-con\" data-id=\"4d2f7be\" data-element_type=\"container\" data-settings=\"{&quot;background_background&quot;:&quot;classic&quot;,&quot;content_width&quot;:&quot;boxed&quot;}\">\n\t\t\t\t\t<div class=\"e-con-inner\">\n\t\t\t\t<div class=\"elementor-element elementor-element-941d7aa elementor-widget elementor-widget-text-editor\" data-id=\"941d7aa\" data-element_type=\"widget\" data-widget_type=\"text-editor.default\">\n\t\t\t\t<div class=\"elementor-widget-container\">\n\t\t\t\t\t\t\t<p style=\"text-align: center;\"><span style=\"color: #ffffff;\">Entdecken Sie unsere innovativen L\u00f6sungen, die auf Ihre Bed\u00fcrfnisse f\u00fcr nachhaltige Verpackungen zugeschnitten sind.<\/span><\/p>\t\t\t\t\t\t<\/div>\n\t\t\t\t<\/div>\n\t\t\t\t\t<\/div>\n\t\t\t\t<\/div>\n\t\t\t\t<section class=\"elementor-section elementor-top-section elementor-element elementor-element-701801a elementor-section-boxed elementor-section-height-default elementor-section-height-default\" data-id=\"701801a\" data-element_type=\"section\">\n\t\t\t\t\t\t<div class=\"elementor-container elementor-column-gap-default\">\n\t\t\t\t\t<div class=\"elementor-column elementor-col-100 elementor-top-column elementor-element elementor-element-a349baf\" data-id=\"a349baf\" data-element_type=\"column\">\n\t\t\t<div class=\"elementor-widget-wrap elementor-element-populated\">\n\t\t\t\t\t\t\t\t<div class=\"elementor-element elementor-element-890fb6b elementor-widget elementor-widget-breadcrumbs\" data-id=\"890fb6b\" data-element_type=\"widget\" data-widget_type=\"breadcrumbs.default\">\n\t\t\t\t<div class=\"elementor-widget-container\">\n\t\t\t<p id=\"breadcrumbs\"><span><span><a href=\"https:\/\/www.botta.it\/\">Home<\/a><\/span><\/span><\/p>\t\t<\/div>\n\t\t\t\t<\/div>\n\t\t\t\t\t<\/div>\n\t\t<\/div>\n\t\t\t\t\t\t\t<\/div>\n\t\t<\/section>\n\t\t<div class=\"elementor-element elementor-element-abe958d e-flex e-con-boxed e-con\" data-id=\"abe958d\" data-element_type=\"container\" data-settings=\"{&quot;background_background&quot;:&quot;gradient&quot;,&quot;content_width&quot;:&quot;boxed&quot;}\">\n\t\t\t\t\t<div class=\"e-con-inner\">\n\t\t\t\t<div class=\"elementor-element elementor-element-d8ad791 elementor-position-right elementor-vertical-align-top elementor-invisible elementor-widget elementor-widget-image-box\" data-id=\"d8ad791\" data-element_type=\"widget\" data-settings=\"{&quot;_animation&quot;:&quot;fadeInRight&quot;}\" data-widget_type=\"image-box.default\">\n\t\t\t\t<div class=\"elementor-widget-container\">\n\t\t\t<div class=\"elementor-image-box-wrapper\"><figure class=\"elementor-image-box-img\"><a href=\"https:\/\/www.botta.it\/de\/iqrcode\/\"><img decoding=\"async\" width=\"975\" height=\"998\" src=\"https:\/\/www.botta.it\/wp-content\/uploads\/2024\/11\/Copy-of-iQRcode-PPT-Beauty.jpg\" class=\"attachment-full size-full wp-image-25461\" alt=\"\" srcset=\"https:\/\/www.botta.it\/wp-content\/uploads\/2024\/11\/Copy-of-iQRcode-PPT-Beauty.jpg 975w, https:\/\/www.botta.it\/wp-content\/uploads\/2024\/11\/Copy-of-iQRcode-PPT-Beauty-147x150.jpg 147w, https:\/\/www.botta.it\/wp-content\/uploads\/2024\/11\/Copy-of-iQRcode-PPT-Beauty-768x786.jpg 768w, https:\/\/www.botta.it\/wp-content\/uploads\/2024\/11\/Copy-of-iQRcode-PPT-Beauty-240x246.jpg 240w\" sizes=\"(max-width: 975px) 100vw, 975px\" \/><\/a><\/figure><div class=\"elementor-image-box-content\"><h1 class=\"elementor-image-box-title\"><a href=\"https:\/\/www.botta.it\/de\/iqrcode\/\">iQRcode\u2122<\/a><\/h1><p class=\"elementor-image-box-description\">Intelligente Umweltkennzeichnung - EU-Konformit\u00e4t.<br> Gehen Sie \u00fcber herk\u00f6mmliche Barcodes hinaus mit iQRcode\u2122. Stellen Sie die EU-Konformit\u00e4t sicher, verbessern Sie die Kommunikation mit Verbrauchern und maximieren Sie das Potenzial Ihres On-Pack-Brandings.<\/p><\/div><\/div>\t\t<\/div>\n\t\t\t\t<\/div>\n\t\t\t\t\t<\/div>\n\t\t\t\t<\/div>\n\t\t<div class=\"elementor-element elementor-element-d39a0fa e-flex e-con-boxed e-con\" data-id=\"d39a0fa\" data-element_type=\"container\" data-settings=\"{&quot;content_width&quot;:&quot;boxed&quot;}\">\n\t\t\t\t\t<div class=\"e-con-inner\">\n\t\t\t\t<div class=\"elementor-element elementor-element-f9d35ec elementor-invisible elementor-widget elementor-widget-button\" data-id=\"f9d35ec\" data-element_type=\"widget\" data-settings=\"{&quot;_animation&quot;:&quot;pulse&quot;}\" data-widget_type=\"button.default\">\n\t\t\t\t<div class=\"elementor-widget-container\">\n\t\t\t\t\t<div class=\"elementor-button-wrapper\">\n\t\t\t<a class=\"elementor-button elementor-button-link elementor-size-md\" href=\"https:\/\/www.botta.it\/de\/iqrcode\/\">\n\t\t\t\t\t\t<span class=\"elementor-button-content-wrapper\">\n\t\t\t\t\t\t<span class=\"elementor-button-icon elementor-align-icon-left\">\n\t\t\t\t<i aria-hidden=\"true\" class=\"fas fa-arrow-circle-right\"><\/i>\t\t\t<\/span>\n\t\t\t\t\t\t<span class=\"elementor-button-text\">Erfahren Sie Mehr<\/span>\n\t\t<\/span>\n\t\t\t\t\t<\/a>\n\t\t<\/div>\n\t\t\t\t<\/div>\n\t\t\t\t<\/div>\n\t\t\t\t\t<\/div>\n\t\t\t\t<\/div>\n\t\t<div class=\"elementor-element elementor-element-3b18d26 e-flex e-con-boxed e-con\" data-id=\"3b18d26\" data-element_type=\"container\" data-settings=\"{&quot;background_background&quot;:&quot;gradient&quot;,&quot;content_width&quot;:&quot;boxed&quot;}\">\n\t\t\t\t\t<div class=\"e-con-inner\">\n\t\t\t\t<div class=\"elementor-element elementor-element-6cac9e7 elementor-position-left elementor-vertical-align-top elementor-invisible elementor-widget elementor-widget-image-box\" data-id=\"6cac9e7\" data-element_type=\"widget\" data-settings=\"{&quot;_animation&quot;:&quot;fadeInLeft&quot;}\" data-widget_type=\"image-box.default\">\n\t\t\t\t<div class=\"elementor-widget-container\">\n\t\t\t<div class=\"elementor-image-box-wrapper\"><figure class=\"elementor-image-box-img\"><a href=\"https:\/\/www.botta.it\/de\/eco-consultancy-2\/\"><img decoding=\"async\" width=\"1365\" height=\"2048\" src=\"https:\/\/www.botta.it\/wp-content\/uploads\/2025\/09\/botta-ecopackaging-expert-consultancy-e1757345500696.jpg\" class=\"attachment-full size-full wp-image-27970\" alt=\"\" \/><\/a><\/figure><div class=\"elementor-image-box-content\"><h1 class=\"elementor-image-box-title\"><a href=\"https:\/\/www.botta.it\/de\/eco-consultancy-2\/\">Eco-Beratung<\/a><\/h1><p class=\"elementor-image-box-description\">Nachhaltiges Packaging, das \u00fcberzeugt.<br>\nPPWR-Experten & COMIECO-Botschafter: Beratung, die Ihre Verpackungen wertvoll macht.<\/p><\/div><\/div>\t\t<\/div>\n\t\t\t\t<\/div>\n\t\t\t\t\t<\/div>\n\t\t\t\t<\/div>\n\t\t<div class=\"elementor-element elementor-element-405e5e7 e-flex e-con-boxed e-con\" data-id=\"405e5e7\" data-element_type=\"container\" data-settings=\"{&quot;content_width&quot;:&quot;boxed&quot;}\">\n\t\t\t\t\t<div class=\"e-con-inner\">\n\t\t\t\t<div class=\"elementor-element elementor-element-4f4fe5b elementor-align-right elementor-invisible elementor-widget elementor-widget-button\" data-id=\"4f4fe5b\" data-element_type=\"widget\" data-settings=\"{&quot;_animation&quot;:&quot;pulse&quot;}\" data-widget_type=\"button.default\">\n\t\t\t\t<div class=\"elementor-widget-container\">\n\t\t\t\t\t<div class=\"elementor-button-wrapper\">\n\t\t\t<a class=\"elementor-button elementor-button-link elementor-size-md\" href=\"https:\/\/www.botta.it\/de\/eco-consultancy-2\/\">\n\t\t\t\t\t\t<span class=\"elementor-button-content-wrapper\">\n\t\t\t\t\t\t<span class=\"elementor-button-icon elementor-align-icon-left\">\n\t\t\t\t<i aria-hidden=\"true\" class=\"fas fa-arrow-circle-right\"><\/i>\t\t\t<\/span>\n\t\t\t\t\t\t<span class=\"elementor-button-text\">Entdecken Sie Eco-Beratung<\/span>\n\t\t<\/span>\n\t\t\t\t\t<\/a>\n\t\t<\/div>\n\t\t\t\t<\/div>\n\t\t\t\t<\/div>\n\t\t\t\t\t<\/div>\n\t\t\t\t<\/div>\n\t\t<div class=\"elementor-element elementor-element-348e8e9 e-flex e-con-boxed e-con\" data-id=\"348e8e9\" data-element_type=\"container\" data-settings=\"{&quot;background_background&quot;:&quot;gradient&quot;,&quot;content_width&quot;:&quot;boxed&quot;}\">\n\t\t\t\t\t<div class=\"e-con-inner\">\n\t\t\t\t<div class=\"elementor-element elementor-element-c10be8e elementor-position-right elementor-vertical-align-top elementor-invisible elementor-widget elementor-widget-image-box\" data-id=\"c10be8e\" data-element_type=\"widget\" data-settings=\"{&quot;_animation&quot;:&quot;fadeInRight&quot;}\" data-widget_type=\"image-box.default\">\n\t\t\t\t<div class=\"elementor-widget-container\">\n\t\t\t<div class=\"elementor-image-box-wrapper\"><figure class=\"elementor-image-box-img\"><a href=\"https:\/\/www.botta.it\/de\/pallet-calculator\/\"><img decoding=\"async\" width=\"591\" height=\"591\" src=\"https:\/\/www.botta.it\/wp-content\/uploads\/2023\/03\/pallet-paper-wrap-1.png\" class=\"attachment-full size-full wp-image-18976\" alt=\"Carta per imballaggio: soluzioni ecologiche per proteggere i prodotti\" srcset=\"https:\/\/www.botta.it\/wp-content\/uploads\/2023\/03\/pallet-paper-wrap-1.png 591w, https:\/\/www.botta.it\/wp-content\/uploads\/2023\/03\/pallet-paper-wrap-1-150x150.png 150w, https:\/\/www.botta.it\/wp-content\/uploads\/2023\/03\/pallet-paper-wrap-1-300x300.png 300w, https:\/\/www.botta.it\/wp-content\/uploads\/2023\/03\/pallet-paper-wrap-1-240x240.png 240w, https:\/\/www.botta.it\/wp-content\/uploads\/2023\/03\/pallet-paper-wrap-1-100x100.png 100w\" sizes=\"(max-width: 591px) 100vw, 591px\" \/><\/a><\/figure><div class=\"elementor-image-box-content\"><h1 class=\"elementor-image-box-title\"><a href=\"https:\/\/www.botta.it\/de\/pallet-calculator\/\">Kostenloser Palettenrechner<\/a><\/h1><p class=\"elementor-image-box-description\">Optimieren Sie Palettenplatz und senken Sie Kosten. <br>Maximieren Sie Ihre Effizienz mit unserem kostenlosen Palettenrechner. Planen Sie kl\u00fcger, sparen Sie Ressourcen und reduzieren Sie Emissionen durch pr\u00e4zise Optimierung der Palettennutzung.<\/p><\/div><\/div>\t\t<\/div>\n\t\t\t\t<\/div>\n\t\t\t\t\t<\/div>\n\t\t\t\t<\/div>\n\t\t<div class=\"elementor-element elementor-element-7b88be1 e-flex e-con-boxed e-con\" data-id=\"7b88be1\" data-element_type=\"container\" data-settings=\"{&quot;content_width&quot;:&quot;boxed&quot;}\">\n\t\t\t\t\t<div class=\"e-con-inner\">\n\t\t\t\t<div class=\"elementor-element elementor-element-b31f1f4 elementor-align-left elementor-invisible elementor-widget elementor-widget-button\" data-id=\"b31f1f4\" data-element_type=\"widget\" data-settings=\"{&quot;_animation&quot;:&quot;pulse&quot;}\" data-widget_type=\"button.default\">\n\t\t\t\t<div class=\"elementor-widget-container\">\n\t\t\t\t\t<div class=\"elementor-button-wrapper\">\n\t\t\t<a class=\"elementor-button elementor-button-link elementor-size-md\" href=\"https:\/\/www.botta.it\/de\/pallet-calculator\/\">\n\t\t\t\t\t\t<span class=\"elementor-button-content-wrapper\">\n\t\t\t\t\t\t<span class=\"elementor-button-icon elementor-align-icon-left\">\n\t\t\t\t<i aria-hidden=\"true\" class=\"fas fa-arrow-circle-right\"><\/i>\t\t\t<\/span>\n\t\t\t\t\t\t<span class=\"elementor-button-text\">Jetzt Kostenlos Testen<\/span>\n\t\t<\/span>\n\t\t\t\t\t<\/a>\n\t\t<\/div>\n\t\t\t\t<\/div>\n\t\t\t\t<\/div>\n\t\t\t\t\t<\/div>\n\t\t\t\t<\/div>\n\t\t<div class=\"elementor-element elementor-element-6daaec4 e-flex e-con-boxed e-con\" data-id=\"6daaec4\" data-element_type=\"container\" data-settings=\"{&quot;background_background&quot;:&quot;gradient&quot;,&quot;content_width&quot;:&quot;boxed&quot;}\">\n\t\t\t\t\t<div class=\"e-con-inner\">\n\t\t\t\t<div class=\"elementor-element elementor-element-92ea456 elementor-position-left elementor-vertical-align-top elementor-invisible elementor-widget elementor-widget-image-box\" data-id=\"92ea456\" data-element_type=\"widget\" data-settings=\"{&quot;_animation&quot;:&quot;fadeInLeft&quot;}\" data-widget_type=\"image-box.default\">\n\t\t\t\t<div class=\"elementor-widget-container\">\n\t\t\t<div class=\"elementor-image-box-wrapper\"><figure class=\"elementor-image-box-img\"><a href=\"https:\/\/www.botta.it\/de\/lca-calculator\/\"><img decoding=\"async\" width=\"856\" height=\"798\" src=\"https:\/\/www.botta.it\/wp-content\/uploads\/2021\/12\/LCA_BOTTA_Image-for-press-release.jpg\" class=\"attachment-full size-full wp-image-15068\" alt=\"\" srcset=\"https:\/\/www.botta.it\/wp-content\/uploads\/2021\/12\/LCA_BOTTA_Image-for-press-release.jpg 856w, https:\/\/www.botta.it\/wp-content\/uploads\/2021\/12\/LCA_BOTTA_Image-for-press-release-300x280.jpg 300w, https:\/\/www.botta.it\/wp-content\/uploads\/2021\/12\/LCA_BOTTA_Image-for-press-release-768x716.jpg 768w, https:\/\/www.botta.it\/wp-content\/uploads\/2021\/12\/LCA_BOTTA_Image-for-press-release-240x224.jpg 240w\" sizes=\"(max-width: 856px) 100vw, 856px\" \/><\/a><\/figure><div class=\"elementor-image-box-content\"><h1 class=\"elementor-image-box-title\"><a href=\"https:\/\/www.botta.it\/de\/lca-calculator\/\">Simplified LCA Calculator<\/a><\/h1><p class=\"elementor-image-box-description\">Schnelle Lebenszyklusanalyse f\u00fcr Verpackungen. <br>Bewerten Sie die Umweltbelastung Ihrer Verpackung in nur wenigen Klicks. Unser benutzerfreundliches Tool erleichtert die Entscheidungsfindung f\u00fcr nachhaltigere Optionen.<\/p><\/div><\/div>\t\t<\/div>\n\t\t\t\t<\/div>\n\t\t\t\t\t<\/div>\n\t\t\t\t<\/div>\n\t\t<div class=\"elementor-element elementor-element-ac92bf7 e-flex e-con-boxed e-con\" data-id=\"ac92bf7\" data-element_type=\"container\" data-settings=\"{&quot;content_width&quot;:&quot;boxed&quot;}\">\n\t\t\t\t\t<div class=\"e-con-inner\">\n\t\t\t\t<div class=\"elementor-element elementor-element-6b7e115 elementor-align-right elementor-invisible elementor-widget elementor-widget-button\" data-id=\"6b7e115\" data-element_type=\"widget\" data-settings=\"{&quot;_animation&quot;:&quot;pulse&quot;}\" data-widget_type=\"button.default\">\n\t\t\t\t<div class=\"elementor-widget-container\">\n\t\t\t\t\t<div class=\"elementor-button-wrapper\">\n\t\t\t<a class=\"elementor-button elementor-button-link elementor-size-md\" href=\"https:\/\/www.botta.it\/de\/lca-calculator\/\">\n\t\t\t\t\t\t<span class=\"elementor-button-content-wrapper\">\n\t\t\t\t\t\t<span class=\"elementor-button-icon elementor-align-icon-left\">\n\t\t\t\t<i aria-hidden=\"true\" class=\"fas fa-arrow-circle-right\"><\/i>\t\t\t<\/span>\n\t\t\t\t\t\t<span class=\"elementor-button-text\">Jetzt Berechnen<\/span>\n\t\t<\/span>\n\t\t\t\t\t<\/a>\n\t\t<\/div>\n\t\t\t\t<\/div>\n\t\t\t\t<\/div>\n\t\t\t\t\t<\/div>\n\t\t\t\t<\/div>\n\t\t\t\t\t\t\t<\/div>\n\t\t","protected":false},"excerpt":{"rendered":"<p>Entdecken Sie unsere innovativen L\u00f6sungen, die auf Ihre Bed\u00fcrfnisse f\u00fcr nachhaltige Verpackungen zugeschnitten sind. Eco-Beratung Individuelle Nachhaltigkeitsl\u00f6sungen f\u00fcr Ihr Unternehmen. Nutzen Sie das Potenzial umweltfreundlicher Verpackungen mit unserer Expertenberatung. Von der Abfallreduzierung bis zur Einhaltung von Vorschriften begleiten wir Sie auf Ihrem Weg in eine nachhaltigere Zukunft. Entdecken Sie Eco-Beratung Kostenloser Palettenrechner Optimieren Sie Palettenplatz &hellip;<\/p>\n<p class=\"read-more\"> <a class=\"\" href=\"https:\/\/www.botta.it\/de\/servizi\/\"> <span class=\"screen-reader-text\">BEDIENUNG<\/span> Mehr lesen \u00bb<\/a><\/p>\n","protected":false},"author":1,"featured_media":0,"parent":0,"menu_order":0,"comment_status":"closed","ping_status":"closed","template":"elementor_header_footer","meta":{"om_disable_all_campaigns":false,"_monsterinsights_skip_tracking":false,"_monsterinsights_sitenote_active":false,"_monsterinsights_sitenote_note":"","_monsterinsights_sitenote_category":0,"site-sidebar-layout":"no-sidebar","site-content-layout":"page-builder","ast-global-header-display":"","ast-banner-title-visibility":"","ast-main-header-display":"","ast-hfb-above-header-display":"","ast-hfb-below-header-display":"","ast-hfb-mobile-header-display":"","site-post-title":"disabled","ast-breadcrumbs-content":"","ast-featured-img":"disabled","footer-sml-layout":"","theme-transparent-header-meta":"default","adv-header-id-meta":"","stick-header-meta":"","header-above-stick-meta":"","header-main-stick-meta":"","header-below-stick-meta":"","footnotes":""},"aioseo_notices":[],"yoast_head":"<!-- This site is optimized with the Yoast SEO Premium plugin v19.2.1 (Yoast SEO v21.9.1) - https:\/\/yoast.com\/wordpress\/plugins\/seo\/ -->\n<title>BOTTA PACKAGING \u00bb eco-packaging solutions - BEDIENUNG<\/title>\n<meta name=\"robots\" content=\"index, follow, max-snippet:-1, max-image-preview:large, max-video-preview:-1\" \/>\n<link rel=\"canonical\" href=\"https:\/\/www.botta.it\/de\/servizi\/\" \/>\n<meta property=\"og:locale\" content=\"de_DE\" \/>\n<meta property=\"og:type\" content=\"article\" \/>\n<meta property=\"og:title\" content=\"BEDIENUNG\" \/>\n<meta property=\"og:description\" content=\"Entdecken Sie unsere innovativen L\u00f6sungen, die auf Ihre Bed\u00fcrfnisse f\u00fcr nachhaltige Verpackungen zugeschnitten sind. Eco-Beratung Individuelle Nachhaltigkeitsl\u00f6sungen f\u00fcr Ihr Unternehmen. Nutzen Sie das Potenzial umweltfreundlicher Verpackungen mit unserer Expertenberatung. Von der Abfallreduzierung bis zur Einhaltung von Vorschriften begleiten wir Sie auf Ihrem Weg in eine nachhaltigere Zukunft. Entdecken Sie Eco-Beratung Kostenloser Palettenrechner Optimieren Sie Palettenplatz &hellip; BEDIENUNG Mehr lesen \u00bb\" \/>\n<meta property=\"og:url\" content=\"https:\/\/www.botta.it\/de\/servizi\/\" \/>\n<meta property=\"og:site_name\" content=\"BOTTA PACKAGING \u00bb eco-packaging solutions\" \/>\n<meta property=\"article:publisher\" content=\"https:\/\/www.facebook.com\/bottapackaging\/\" \/>\n<meta property=\"article:modified_time\" content=\"2025-09-08T15:49:18+00:00\" \/>\n<meta property=\"og:image\" content=\"https:\/\/www.botta.it\/wp-content\/uploads\/2024\/06\/6e806fb3e5a34492a9a7994cd28b385a-e1732893443667.jpeg\" \/>\n<meta name=\"twitter:card\" content=\"summary_large_image\" \/>\n<meta name=\"twitter:site\" content=\"@botta_box\" \/>\n<script type=\"application\/ld+json\" class=\"yoast-schema-graph\">{\"@context\":\"https:\/\/schema.org\",\"@graph\":[{\"@type\":\"WebPage\",\"@id\":\"https:\/\/www.botta.it\/de\/servizi\/\",\"url\":\"https:\/\/www.botta.it\/de\/servizi\/\",\"name\":\"BOTTA PACKAGING \u00bb eco-packaging solutions - BEDIENUNG\",\"isPartOf\":{\"@id\":\"https:\/\/www.botta.it\/#website\"},\"datePublished\":\"2019-02-17T17:38:10+00:00\",\"dateModified\":\"2025-09-08T15:49:18+00:00\",\"breadcrumb\":{\"@id\":\"https:\/\/www.botta.it\/de\/servizi\/#breadcrumb\"},\"inLanguage\":\"de\",\"potentialAction\":[{\"@type\":\"ReadAction\",\"target\":[\"https:\/\/www.botta.it\/de\/servizi\/\"]}]},{\"@type\":\"BreadcrumbList\",\"@id\":\"https:\/\/www.botta.it\/de\/servizi\/#breadcrumb\",\"itemListElement\":[{\"@type\":\"ListItem\",\"position\":1,\"name\":\"Home\",\"item\":\"https:\/\/www.botta.it\/\"},{\"@type\":\"ListItem\",\"position\":2,\"name\":\"BEDIENUNG\"}]},{\"@type\":\"WebSite\",\"@id\":\"https:\/\/www.botta.it\/#website\",\"url\":\"https:\/\/www.botta.it\/\",\"name\":\"BOTTA PACKAGING \u00bb eco-packaging solutions\",\"description\":\"\u00d6kologische verpackungsl\u00f6sungen, wellpappe liefert, kartons, umschl\u00e4ge, airbags.\",\"publisher\":{\"@id\":\"https:\/\/www.botta.it\/#organization\"},\"potentialAction\":[{\"@type\":\"SearchAction\",\"target\":{\"@type\":\"EntryPoint\",\"urlTemplate\":\"https:\/\/www.botta.it\/?s={search_term_string}\"},\"query-input\":\"required name=search_term_string\"}],\"inLanguage\":\"de\"},{\"@type\":\"Organization\",\"@id\":\"https:\/\/www.botta.it\/#organization\",\"name\":\"BOTTA EcoPackaging\",\"url\":\"https:\/\/www.botta.it\/\",\"logo\":{\"@type\":\"ImageObject\",\"inLanguage\":\"de\",\"@id\":\"https:\/\/www.botta.it\/#\/schema\/logo\/image\/\",\"url\":\"https:\/\/www.botta.it\/wp-content\/uploads\/2021\/12\/Logo-RGB.png\",\"contentUrl\":\"https:\/\/www.botta.it\/wp-content\/uploads\/2021\/12\/Logo-RGB.png\",\"width\":1600,\"height\":1043,\"caption\":\"BOTTA EcoPackaging\"},\"image\":{\"@id\":\"https:\/\/www.botta.it\/#\/schema\/logo\/image\/\"},\"sameAs\":[\"https:\/\/www.facebook.com\/bottapackaging\/\",\"https:\/\/twitter.com\/botta_box\",\"https:\/\/www.instagram.com\/botta_box\/\",\"https:\/\/it.linkedin.com\/company\/botta-ecopackaging\",\"https:\/\/www.youtube.com\/channel\/UCLhT-tw_FsukJfrKi73c48Q\"]}]}<\/script>\n<!-- \/ Yoast SEO Premium plugin. -->","yoast_head_json":{"title":"BOTTA PACKAGING \u00bb eco-packaging solutions - BEDIENUNG","robots":{"index":"index","follow":"follow","max-snippet":"max-snippet:-1","max-image-preview":"max-image-preview:large","max-video-preview":"max-video-preview:-1"},"canonical":"https:\/\/www.botta.it\/de\/servizi\/","og_locale":"de_DE","og_type":"article","og_title":"BEDIENUNG","og_description":"Entdecken Sie unsere innovativen L\u00f6sungen, die auf Ihre Bed\u00fcrfnisse f\u00fcr nachhaltige Verpackungen zugeschnitten sind. Eco-Beratung Individuelle Nachhaltigkeitsl\u00f6sungen f\u00fcr Ihr Unternehmen. Nutzen Sie das Potenzial umweltfreundlicher Verpackungen mit unserer Expertenberatung. Von der Abfallreduzierung bis zur Einhaltung von Vorschriften begleiten wir Sie auf Ihrem Weg in eine nachhaltigere Zukunft. Entdecken Sie Eco-Beratung Kostenloser Palettenrechner Optimieren Sie Palettenplatz &hellip; BEDIENUNG Mehr lesen \u00bb","og_url":"https:\/\/www.botta.it\/de\/servizi\/","og_site_name":"BOTTA PACKAGING \u00bb eco-packaging solutions","article_publisher":"https:\/\/www.facebook.com\/bottapackaging\/","article_modified_time":"2025-09-08T15:49:18+00:00","og_image":[{"url":"https:\/\/www.botta.it\/wp-content\/uploads\/2024\/06\/6e806fb3e5a34492a9a7994cd28b385a-e1732893443667.jpeg"}],"twitter_card":"summary_large_image","twitter_site":"@botta_box","schema":{"@context":"https:\/\/schema.org","@graph":[{"@type":"WebPage","@id":"https:\/\/www.botta.it\/de\/servizi\/","url":"https:\/\/www.botta.it\/de\/servizi\/","name":"BOTTA PACKAGING \u00bb eco-packaging solutions - BEDIENUNG","isPartOf":{"@id":"https:\/\/www.botta.it\/#website"},"datePublished":"2019-02-17T17:38:10+00:00","dateModified":"2025-09-08T15:49:18+00:00","breadcrumb":{"@id":"https:\/\/www.botta.it\/de\/servizi\/#breadcrumb"},"inLanguage":"de","potentialAction":[{"@type":"ReadAction","target":["https:\/\/www.botta.it\/de\/servizi\/"]}]},{"@type":"BreadcrumbList","@id":"https:\/\/www.botta.it\/de\/servizi\/#breadcrumb","itemListElement":[{"@type":"ListItem","position":1,"name":"Home","item":"https:\/\/www.botta.it\/"},{"@type":"ListItem","position":2,"name":"BEDIENUNG"}]},{"@type":"WebSite","@id":"https:\/\/www.botta.it\/#website","url":"https:\/\/www.botta.it\/","name":"BOTTA PACKAGING \u00bb eco-packaging solutions","description":"\u00d6kologische verpackungsl\u00f6sungen, wellpappe liefert, kartons, umschl\u00e4ge, airbags.","publisher":{"@id":"https:\/\/www.botta.it\/#organization"},"potentialAction":[{"@type":"SearchAction","target":{"@type":"EntryPoint","urlTemplate":"https:\/\/www.botta.it\/?s={search_term_string}"},"query-input":"required name=search_term_string"}],"inLanguage":"de"},{"@type":"Organization","@id":"https:\/\/www.botta.it\/#organization","name":"BOTTA EcoPackaging","url":"https:\/\/www.botta.it\/","logo":{"@type":"ImageObject","inLanguage":"de","@id":"https:\/\/www.botta.it\/#\/schema\/logo\/image\/","url":"https:\/\/www.botta.it\/wp-content\/uploads\/2021\/12\/Logo-RGB.png","contentUrl":"https:\/\/www.botta.it\/wp-content\/uploads\/2021\/12\/Logo-RGB.png","width":1600,"height":1043,"caption":"BOTTA EcoPackaging"},"image":{"@id":"https:\/\/www.botta.it\/#\/schema\/logo\/image\/"},"sameAs":["https:\/\/www.facebook.com\/bottapackaging\/","https:\/\/twitter.com\/botta_box","https:\/\/www.instagram.com\/botta_box\/","https:\/\/it.linkedin.com\/company\/botta-ecopackaging","https:\/\/www.youtube.com\/channel\/UCLhT-tw_FsukJfrKi73c48Q"]}]}},"_links":{"self":[{"href":"https:\/\/www.botta.it\/de\/wp-json\/wp\/v2\/pages\/14823"}],"collection":[{"href":"https:\/\/www.botta.it\/de\/wp-json\/wp\/v2\/pages"}],"about":[{"href":"https:\/\/www.botta.it\/de\/wp-json\/wp\/v2\/types\/page"}],"author":[{"embeddable":true,"href":"https:\/\/www.botta.it\/de\/wp-json\/wp\/v2\/users\/1"}],"replies":[{"embeddable":true,"href":"https:\/\/www.botta.it\/de\/wp-json\/wp\/v2\/comments?post=14823"}],"version-history":[{"count":38,"href":"https:\/\/www.botta.it\/de\/wp-json\/wp\/v2\/pages\/14823\/revisions"}],"predecessor-version":[{"id":27994,"href":"https:\/\/www.botta.it\/de\/wp-json\/wp\/v2\/pages\/14823\/revisions\/27994"}],"wp:attachment":[{"href":"https:\/\/www.botta.it\/de\/wp-json\/wp\/v2\/media?parent=14823"}],"curies":[{"name":"wp","href":"https:\/\/api.w.org\/{rel}","templated":true}]}}